{"id":103,"date":"2019-04-07T19:08:28","date_gmt":"2019-04-07T17:08:28","guid":{"rendered":"http:\/\/collioure-colline.com\/?page_id=103"},"modified":"2024-02-01T17:16:59","modified_gmt":"2024-02-01T16:16:59","slug":"lappartement","status":"publish","type":"page","link":"https:\/\/collioure-colline.com\/index.php\/lappartement\/","title":{"rendered":"L&#8217;appartement"},"content":{"rendered":"\n<p>L&#8217;appartement de 58m\u00b2 comporte les pi\u00e8ces suivantes :<\/p>\n\n\n\n<ul>\n<li>Une entr\u00e9e avec placards \u2013 10 m\u00b2 <\/li>\n\n\n\n<li>Une chambre avec un placard et un lit de 160X200 -11m\u00b2 <\/li>\n\n\n\n<li>Une salle de bain avec douche \u2013 4 m\u00b2 <\/li>\n\n\n\n<li>Des WC s\u00e9par\u00e9s \u2013 2 m\u00b2 <\/li>\n\n\n\n<li>Un salon \/ Salle \u00e0 manger\/ cuisine \u00e9quip\u00e9e \u2013 24 m\u00b2<\/li>\n\n\n\n<li>Une mezzanine avec 2 lits superpos\u00e9s de 90X200 \u2013 7m\u00b2<\/li>\n\n\n\n<li>Une terrasse avec vue sur la campagne et \u00e9chapp\u00e9e mer \u2013 6,5 m\u00b2 <\/li>\n<\/ul>\n\n\n\n<h2 class=\"wp-block-heading\">L&#8217;ext\u00e9rieur<\/h2>\n\n\n\n<figure class=\"wp-block-gallery has-nested-images columns-default is-cropped wp-block-gallery-1 is-layout-flex\">\n<figure class=\"wp-block-image size-large is-style-default\"><img decoding=\"async\" loading=\"lazy\" width=\"768\" height=\"1024\" data-id=\"108\"  src=\"http:\/\/collioure-colline.com\/wp-content\/uploads\/2019\/04\/Ar\u00e9sidencepiscine2-e1554657089947-768x1024.jpg\" alt=\"\" class=\"wp-image-108\" srcset=\"https:\/\/collioure-colline.com\/wp-content\/uploads\/2019\/04\/Ar\u00e9sidencepiscine2-e1554657089947-768x1024.jpg 768w, https:\/\/collioure-colline.com\/wp-content\/uploads\/2019\/04\/Ar\u00e9sidencepiscine2-e1554657089947-225x300.jpg 225w, https:\/\/collioure-colline.com\/wp-content\/uploads\/2019\/04\/Ar\u00e9sidencepiscine2-e1554657089947-750x1000.jpg 750w\" sizes=\"(max-width: 768px) 100vw, 768px\" \/><figcaption class=\"wp-element-caption\">Piscine<\/figcaption><\/figure>\n\n\n\n<figure class=\"wp-block-image size-large is-style-default\"><img decoding=\"async\" loading=\"lazy\" width=\"1024\" height=\"768\" data-id=\"574\"  src=\"http:\/\/collioure-colline.com\/wp-content\/uploads\/2019\/05\/piscinenew-1024x768.jpg\" alt=\"\" class=\"wp-image-574\" srcset=\"https:\/\/collioure-colline.com\/wp-content\/uploads\/2019\/05\/piscinenew-1024x768.jpg 1024w, https:\/\/collioure-colline.com\/wp-content\/uploads\/2019\/05\/piscinenew-300x225.jpg 300w, https:\/\/collioure-colline.com\/wp-content\/uploads\/2019\/05\/piscinenew-768x576.jpg 768w, https:\/\/collioure-colline.com\/wp-content\/uploads\/2019\/05\/piscinenew-750x563.jpg 750w\" sizes=\"(max-width: 1024px) 100vw, 1024px\" \/><figcaption class=\"wp-element-caption\">Piscine<\/figcaption><\/figure>\n\n\n\n<figure class=\"wp-block-image size-large is-style-default\"><img decoding=\"async\" loading=\"lazy\" width=\"768\" height=\"1024\" data-id=\"130\"  src=\"http:\/\/collioure-colline.com\/wp-content\/uploads\/2019\/04\/vuebalcon-e1554657666989-768x1024.jpg\" alt=\"\" class=\"wp-image-130\" srcset=\"https:\/\/collioure-colline.com\/wp-content\/uploads\/2019\/04\/vuebalcon-e1554657666989-768x1024.jpg 768w, https:\/\/collioure-colline.com\/wp-content\/uploads\/2019\/04\/vuebalcon-e1554657666989-225x300.jpg 225w, https:\/\/collioure-colline.com\/wp-content\/uploads\/2019\/04\/vuebalcon-e1554657666989-750x1000.jpg 750w\" sizes=\"(max-width: 768px) 100vw, 768px\" \/><figcaption class=\"wp-element-caption\">Vue depuis la terrasse<\/figcaption><\/figure>\n\n\n\n<figure class=\"wp-block-image size-large is-style-default\"><img decoding=\"async\" loading=\"lazy\" width=\"1024\" height=\"768\" data-id=\"128\"  src=\"http:\/\/collioure-colline.com\/wp-content\/uploads\/2019\/04\/terrasse1-1024x768.jpg\" alt=\"\" class=\"wp-image-128\" srcset=\"https:\/\/collioure-colline.com\/wp-content\/uploads\/2019\/04\/terrasse1-1024x768.jpg 1024w, https:\/\/collioure-colline.com\/wp-content\/uploads\/2019\/04\/terrasse1-300x225.jpg 300w, https:\/\/collioure-colline.com\/wp-content\/uploads\/2019\/04\/terrasse1-768x576.jpg 768w, https:\/\/collioure-colline.com\/wp-content\/uploads\/2019\/04\/terrasse1-750x563.jpg 750w\" sizes=\"(max-width: 1024px) 100vw, 1024px\" \/><figcaption class=\"wp-element-caption\">La terrasse<\/figcaption><\/figure>\n<\/figure>\n\n\n\n<h2 class=\"wp-block-heading\">L&#8217;entr\u00e9e<\/h2>\n\n\n\n<figure class=\"wp-block-gallery has-nested-images columns-default wp-block-gallery-3 is-layout-flex\">\n<figure class=\"wp-block-image size-large is-style-default\"><img decoding=\"async\" loading=\"lazy\" width=\"1024\" height=\"768\" data-id=\"531\"  src=\"http:\/\/collioure-colline.com\/wp-content\/uploads\/2019\/05\/entr\u00e9e3-1024x768.jpg\" alt=\"\" class=\"wp-image-531\" srcset=\"https:\/\/collioure-colline.com\/wp-content\/uploads\/2019\/05\/entr\u00e9e3-1024x768.jpg 1024w, https:\/\/collioure-colline.com\/wp-content\/uploads\/2019\/05\/entr\u00e9e3-300x225.jpg 300w, https:\/\/collioure-colline.com\/wp-content\/uploads\/2019\/05\/entr\u00e9e3-768x576.jpg 768w, https:\/\/collioure-colline.com\/wp-content\/uploads\/2019\/05\/entr\u00e9e3-750x563.jpg 750w\" sizes=\"(max-width: 1024px) 100vw, 1024px\" \/><figcaption class=\"wp-element-caption\">Entr\u00e9e<\/figcaption><\/figure>\n<\/figure>\n\n\n\n<h2 class=\"wp-block-heading\">La chambre<\/h2>\n\n\n\n<figure class=\"wp-block-gallery has-nested-images columns-default is-cropped wp-block-gallery-5 is-layout-flex\">\n<figure class=\"wp-block-image size-large is-style-default\"><img decoding=\"async\" loading=\"lazy\" width=\"1024\" height=\"768\" data-id=\"116\"  src=\"http:\/\/collioure-colline.com\/wp-content\/uploads\/2019\/04\/chambreplacard-1024x768.jpg\" alt=\"\" class=\"wp-image-116\" srcset=\"https:\/\/collioure-colline.com\/wp-content\/uploads\/2019\/04\/chambreplacard-1024x768.jpg 1024w, https:\/\/collioure-colline.com\/wp-content\/uploads\/2019\/04\/chambreplacard-300x225.jpg 300w, https:\/\/collioure-colline.com\/wp-content\/uploads\/2019\/04\/chambreplacard-768x576.jpg 768w, https:\/\/collioure-colline.com\/wp-content\/uploads\/2019\/04\/chambreplacard-750x563.jpg 750w\" sizes=\"(max-width: 1024px) 100vw, 1024px\" \/><\/figure>\n\n\n\n<figure class=\"wp-block-image size-large is-style-default\"><img decoding=\"async\" loading=\"lazy\" width=\"1024\" height=\"768\" data-id=\"662\"  src=\"http:\/\/collioure-colline.com\/wp-content\/uploads\/2023\/07\/chambre-2023-1024x768.jpg\" alt=\"\" class=\"wp-image-662\" srcset=\"https:\/\/collioure-colline.com\/wp-content\/uploads\/2023\/07\/chambre-2023-1024x768.jpg 1024w, https:\/\/collioure-colline.com\/wp-content\/uploads\/2023\/07\/chambre-2023-300x225.jpg 300w, https:\/\/collioure-colline.com\/wp-content\/uploads\/2023\/07\/chambre-2023-768x576.jpg 768w, https:\/\/collioure-colline.com\/wp-content\/uploads\/2023\/07\/chambre-2023-1536x1152.jpg 1536w, https:\/\/collioure-colline.com\/wp-content\/uploads\/2023\/07\/chambre-2023-2048x1536.jpg 2048w, https:\/\/collioure-colline.com\/wp-content\/uploads\/2023\/07\/chambre-2023-750x563.jpg 750w\" sizes=\"(max-width: 1024px) 100vw, 1024px\" \/><\/figure>\n<\/figure>\n\n\n\n<p><\/p>\n\n\n\n<h2 class=\"wp-block-heading\">Le salon \/ Salle \u00e0 manger<\/h2>\n\n\n\n<figure class=\"wp-block-gallery has-nested-images columns-2 is-cropped wp-block-gallery-7 is-layout-flex\">\n<figure class=\"wp-block-image size-large is-style-default\"><img decoding=\"async\" loading=\"lazy\" width=\"768\" height=\"1024\" data-id=\"121\"  src=\"http:\/\/collioure-colline.com\/wp-content\/uploads\/2019\/04\/salle\u00e0manger-e1554657584727-768x1024.jpg\" alt=\"\" class=\"wp-image-121\" srcset=\"https:\/\/collioure-colline.com\/wp-content\/uploads\/2019\/04\/salle\u00e0manger-e1554657584727-768x1024.jpg 768w, https:\/\/collioure-colline.com\/wp-content\/uploads\/2019\/04\/salle\u00e0manger-e1554657584727-225x300.jpg 225w, https:\/\/collioure-colline.com\/wp-content\/uploads\/2019\/04\/salle\u00e0manger-e1554657584727-750x1000.jpg 750w\" sizes=\"(max-width: 768px) 100vw, 768px\" \/><\/figure>\n\n\n\n<figure class=\"wp-block-image size-large is-style-default\"><img decoding=\"async\" loading=\"lazy\" width=\"1024\" height=\"768\" data-id=\"125\"  src=\"http:\/\/collioure-colline.com\/wp-content\/uploads\/2019\/04\/salle\u00e0mangervuehtmezz-1024x768.jpg\" alt=\"\" class=\"wp-image-125\" srcset=\"https:\/\/collioure-colline.com\/wp-content\/uploads\/2019\/04\/salle\u00e0mangervuehtmezz-1024x768.jpg 1024w, https:\/\/collioure-colline.com\/wp-content\/uploads\/2019\/04\/salle\u00e0mangervuehtmezz-300x225.jpg 300w, https:\/\/collioure-colline.com\/wp-content\/uploads\/2019\/04\/salle\u00e0mangervuehtmezz-768x576.jpg 768w, https:\/\/collioure-colline.com\/wp-content\/uploads\/2019\/04\/salle\u00e0mangervuehtmezz-750x563.jpg 750w\" sizes=\"(max-width: 1024px) 100vw, 1024px\" \/><\/figure>\n\n\n\n<figure class=\"wp-block-image size-large is-style-default\"><img decoding=\"async\" loading=\"lazy\" width=\"1024\" height=\"768\" data-id=\"667\"  src=\"http:\/\/collioure-colline.com\/wp-content\/uploads\/2023\/07\/canape-2023-1-1024x768.jpg\" alt=\"\" class=\"wp-image-667\" srcset=\"https:\/\/collioure-colline.com\/wp-content\/uploads\/2023\/07\/canape-2023-1-1024x768.jpg 1024w, https:\/\/collioure-colline.com\/wp-content\/uploads\/2023\/07\/canape-2023-1-300x225.jpg 300w, https:\/\/collioure-colline.com\/wp-content\/uploads\/2023\/07\/canape-2023-1-768x576.jpg 768w, https:\/\/collioure-colline.com\/wp-content\/uploads\/2023\/07\/canape-2023-1-1536x1152.jpg 1536w, https:\/\/collioure-colline.com\/wp-content\/uploads\/2023\/07\/canape-2023-1-2048x1536.jpg 2048w, https:\/\/collioure-colline.com\/wp-content\/uploads\/2023\/07\/canape-2023-1-750x563.jpg 750w\" sizes=\"(max-width: 1024px) 100vw, 1024px\" \/><\/figure>\n<\/figure>\n\n\n\n<h2 class=\"wp-block-heading\">La cuisine<\/h2>\n\n\n\n<figure class=\"wp-block-image\"><img decoding=\"async\" loading=\"lazy\" width=\"1024\" height=\"768\" src=\"http:\/\/collioure-colline.com\/wp-content\/uploads\/2019\/04\/cuisineface-1024x768.jpg\" alt=\"\" class=\"wp-image-120\" srcset=\"https:\/\/collioure-colline.com\/wp-content\/uploads\/2019\/04\/cuisineface-1024x768.jpg 1024w, https:\/\/collioure-colline.com\/wp-content\/uploads\/2019\/04\/cuisineface-300x225.jpg 300w, https:\/\/collioure-colline.com\/wp-content\/uploads\/2019\/04\/cuisineface-768x576.jpg 768w, https:\/\/collioure-colline.com\/wp-content\/uploads\/2019\/04\/cuisineface-750x563.jpg 750w\" sizes=\"(max-width: 1024px) 100vw, 1024px\" \/><\/figure>\n\n\n\n<h2 class=\"wp-block-heading\">La mezzanine<\/h2>\n\n\n\n<figure class=\"wp-block-gallery has-nested-images columns-default is-cropped wp-block-gallery-9 is-layout-flex\">\n<figure class=\"wp-block-image size-large is-style-default\"><img decoding=\"async\" loading=\"lazy\" width=\"768\" height=\"1024\" data-id=\"122\"  src=\"http:\/\/collioure-colline.com\/wp-content\/uploads\/2019\/04\/escaliercot\u00e9-e1554657595377-768x1024.jpg\" alt=\"\" class=\"wp-image-122\" srcset=\"https:\/\/collioure-colline.com\/wp-content\/uploads\/2019\/04\/escaliercot\u00e9-e1554657595377-768x1024.jpg 768w, https:\/\/collioure-colline.com\/wp-content\/uploads\/2019\/04\/escaliercot\u00e9-e1554657595377-225x300.jpg 225w, https:\/\/collioure-colline.com\/wp-content\/uploads\/2019\/04\/escaliercot\u00e9-e1554657595377-750x1000.jpg 750w\" sizes=\"(max-width: 768px) 100vw, 768px\" \/><\/figure>\n\n\n\n<figure class=\"wp-block-image size-large is-style-default\"><img decoding=\"async\" loading=\"lazy\" width=\"1024\" height=\"768\" data-id=\"124\"  src=\"http:\/\/collioure-colline.com\/wp-content\/uploads\/2019\/04\/mezz2-1024x768.jpg\" alt=\"\" class=\"wp-image-124\" srcset=\"https:\/\/collioure-colline.com\/wp-content\/uploads\/2019\/04\/mezz2-1024x768.jpg 1024w, https:\/\/collioure-colline.com\/wp-content\/uploads\/2019\/04\/mezz2-300x225.jpg 300w, https:\/\/collioure-colline.com\/wp-content\/uploads\/2019\/04\/mezz2-768x576.jpg 768w, https:\/\/collioure-colline.com\/wp-content\/uploads\/2019\/04\/mezz2-750x563.jpg 750w\" sizes=\"(max-width: 1024px) 100vw, 1024px\" \/><\/figure>\n\n\n\n<figure class=\"wp-block-image size-large is-style-default\"><img decoding=\"async\" loading=\"lazy\" width=\"1024\" height=\"768\" data-id=\"123\"  src=\"http:\/\/collioure-colline.com\/wp-content\/uploads\/2019\/04\/mezz1-1024x768.jpg\" alt=\"\" class=\"wp-image-123\" srcset=\"https:\/\/collioure-colline.com\/wp-content\/uploads\/2019\/04\/mezz1-1024x768.jpg 1024w, https:\/\/collioure-colline.com\/wp-content\/uploads\/2019\/04\/mezz1-300x225.jpg 300w, https:\/\/collioure-colline.com\/wp-content\/uploads\/2019\/04\/mezz1-768x576.jpg 768w, https:\/\/collioure-colline.com\/wp-content\/uploads\/2019\/04\/mezz1-750x563.jpg 750w\" sizes=\"(max-width: 1024px) 100vw, 1024px\" \/><\/figure>\n<\/figure>\n\n\n\n<h2 class=\"wp-block-heading\">La salle de douche<\/h2>\n\n\n\n<figure class=\"wp-block-gallery has-nested-images columns-default is-cropped wp-block-gallery-11 is-layout-flex\">\n<figure class=\"wp-block-image size-large is-style-default\"><img decoding=\"async\" loading=\"lazy\" width=\"1024\" height=\"768\" data-id=\"586\"  src=\"http:\/\/collioure-colline.com\/wp-content\/uploads\/2019\/09\/doublevasque-1024x768.jpg\" alt=\"\" class=\"wp-image-586\" srcset=\"https:\/\/collioure-colline.com\/wp-content\/uploads\/2019\/09\/doublevasque-1024x768.jpg 1024w, https:\/\/collioure-colline.com\/wp-content\/uploads\/2019\/09\/doublevasque-300x225.jpg 300w, https:\/\/collioure-colline.com\/wp-content\/uploads\/2019\/09\/doublevasque-768x576.jpg 768w, https:\/\/collioure-colline.com\/wp-content\/uploads\/2019\/09\/doublevasque-750x563.jpg 750w\" sizes=\"(max-width: 1024px) 100vw, 1024px\" \/><figcaption class=\"wp-element-caption\">Double vasque<\/figcaption><\/figure>\n\n\n\n<figure class=\"wp-block-image size-large is-style-default\"><img decoding=\"async\" loading=\"lazy\" width=\"1024\" height=\"768\" data-id=\"588\"  src=\"http:\/\/collioure-colline.com\/wp-content\/uploads\/2019\/09\/sdb2-1024x768.jpg\" alt=\"\" class=\"wp-image-588\" srcset=\"https:\/\/collioure-colline.com\/wp-content\/uploads\/2019\/09\/sdb2-1024x768.jpg 1024w, https:\/\/collioure-colline.com\/wp-content\/uploads\/2019\/09\/sdb2-300x225.jpg 300w, https:\/\/collioure-colline.com\/wp-content\/uploads\/2019\/09\/sdb2-768x576.jpg 768w, https:\/\/collioure-colline.com\/wp-content\/uploads\/2019\/09\/sdb2-750x563.jpg 750w\" sizes=\"(max-width: 1024px) 100vw, 1024px\" \/><figcaption class=\"wp-element-caption\">vue c\u00f4t\u00e9<\/figcaption><\/figure>\n<\/figure>\n\n\n\n<h2 class=\"wp-block-heading\">Le plan<\/h2>\n\n\n\n<figure class=\"wp-block-image\"><img decoding=\"async\" loading=\"lazy\" width=\"894\" height=\"419\" src=\"http:\/\/collioure-colline.com\/wp-content\/uploads\/2019\/04\/plan-appartement-collioure.png\" alt=\"\" class=\"wp-image-222\" srcset=\"https:\/\/collioure-colline.com\/wp-content\/uploads\/2019\/04\/plan-appartement-collioure.png 894w, https:\/\/collioure-colline.com\/wp-content\/uploads\/2019\/04\/plan-appartement-collioure-300x141.png 300w, https:\/\/collioure-colline.com\/wp-content\/uploads\/2019\/04\/plan-appartement-collioure-768x360.png 768w, https:\/\/collioure-colline.com\/wp-content\/uploads\/2019\/04\/plan-appartement-collioure-750x352.png 750w\" sizes=\"(max-width: 894px) 100vw, 894px\" \/><\/figure>\n\n\n\n<p><\/p>\n","protected":false},"excerpt":{"rendered":"<p>L&#8217;appartement de 58m\u00b2 comporte les pi\u00e8ces suivantes : L&#8217;ext\u00e9rieur L&#8217;entr\u00e9e La chambre Le salon \/ Salle \u00e0 manger La cuisine La mezzanine La salle de douche Le plan<\/p>\n","protected":false},"author":1,"featured_media":0,"parent":0,"menu_order":0,"comment_status":"closed","ping_status":"closed","template":"","meta":[],"yoast_head":"<!-- This site is optimized with the Yoast SEO plugin v20.11 - https:\/\/yoast.com\/wordpress\/plugins\/seo\/ -->\n<title>Appartement piscine collioure<\/title>\n<meta name=\"description\" content=\"location appartement vacances dans Collioure, class\u00e9 3 \u00e9toiles, 4 personnes, piscine, climatisation, parking, calme et proche plages\" \/>\n<meta name=\"robots\" content=\"index, follow, max-snippet:-1, max-image-preview:large, max-video-preview:-1\" \/>\n<link rel=\"canonical\" href=\"https:\/\/collioure-colline.com\/index.php\/lappartement\/\" \/>\n<meta property=\"og:locale\" content=\"en_US\" \/>\n<meta property=\"og:type\" content=\"article\" \/>\n<meta property=\"og:title\" content=\"Appartement piscine collioure\" \/>\n<meta property=\"og:description\" content=\"location appartement vacances dans Collioure, class\u00e9 3 \u00e9toiles, 4 personnes, piscine, climatisation, parking, calme et proche plages\" \/>\n<meta property=\"og:url\" content=\"https:\/\/collioure-colline.com\/index.php\/lappartement\/\" \/>\n<meta property=\"og:site_name\" content=\"Appartement Collioure Colline\" \/>\n<meta property=\"article:modified_time\" content=\"2024-02-01T16:16:59+00:00\" \/>\n<meta property=\"og:image\" content=\"http:\/\/collioure-colline.com\/wp-content\/uploads\/2019\/05\/piscinenew-1024x768.jpg\" \/>\n<meta name=\"twitter:card\" content=\"summary_large_image\" \/>\n<meta name=\"twitter:label1\" content=\"Est. reading time\" \/>\n\t<meta name=\"twitter:data1\" content=\"4 minutes\" \/>\n<script type=\"application\/ld+json\" class=\"yoast-schema-graph\">{\"@context\":\"https:\/\/schema.org\",\"@graph\":[{\"@type\":\"WebPage\",\"@id\":\"https:\/\/collioure-colline.com\/index.php\/lappartement\/\",\"url\":\"https:\/\/collioure-colline.com\/index.php\/lappartement\/\",\"name\":\"Appartement piscine collioure\",\"isPartOf\":{\"@id\":\"https:\/\/collioure-colline.com\/#website\"},\"datePublished\":\"2019-04-07T17:08:28+00:00\",\"dateModified\":\"2024-02-01T16:16:59+00:00\",\"description\":\"location appartement vacances dans Collioure, class\u00e9 3 \u00e9toiles, 4 personnes, piscine, climatisation, parking, calme et proche plages\",\"breadcrumb\":{\"@id\":\"https:\/\/collioure-colline.com\/index.php\/lappartement\/#breadcrumb\"},\"inLanguage\":\"en-US\",\"potentialAction\":[{\"@type\":\"ReadAction\",\"target\":[\"https:\/\/collioure-colline.com\/index.php\/lappartement\/\"]}]},{\"@type\":\"BreadcrumbList\",\"@id\":\"https:\/\/collioure-colline.com\/index.php\/lappartement\/#breadcrumb\",\"itemListElement\":[{\"@type\":\"ListItem\",\"position\":1,\"name\":\"Home\",\"item\":\"https:\/\/collioure-colline.com\/\"},{\"@type\":\"ListItem\",\"position\":2,\"name\":\"L&#8217;appartement\"}]},{\"@type\":\"WebSite\",\"@id\":\"https:\/\/collioure-colline.com\/#website\",\"url\":\"https:\/\/collioure-colline.com\/\",\"name\":\"Appartement Collioure Colline\",\"description\":\"Location saisonni\u00e8re\",\"publisher\":{\"@id\":\"https:\/\/collioure-colline.com\/#organization\"},\"potentialAction\":[{\"@type\":\"SearchAction\",\"target\":{\"@type\":\"EntryPoint\",\"urlTemplate\":\"https:\/\/collioure-colline.com\/?s={search_term_string}\"},\"query-input\":\"required name=search_term_string\"}],\"inLanguage\":\"en-US\"},{\"@type\":\"Organization\",\"@id\":\"https:\/\/collioure-colline.com\/#organization\",\"name\":\"Appartement Colline Joubert \u00e0 Collioure\",\"url\":\"https:\/\/collioure-colline.com\/\",\"logo\":{\"@type\":\"ImageObject\",\"inLanguage\":\"en-US\",\"@id\":\"https:\/\/collioure-colline.com\/#\/schema\/logo\/image\/\",\"url\":\"http:\/\/collioure-colline.com\/wp-content\/uploads\/2019\/04\/logo-colliourecolline.png\",\"contentUrl\":\"http:\/\/collioure-colline.com\/wp-content\/uploads\/2019\/04\/logo-colliourecolline.png\",\"width\":400,\"height\":70,\"caption\":\"Appartement Colline Joubert \u00e0 Collioure\"},\"image\":{\"@id\":\"https:\/\/collioure-colline.com\/#\/schema\/logo\/image\/\"},\"sameAs\":[\"https:\/\/www.instagram.com\/collioure_colline\/\"]}]}<\/script>\n<!-- \/ Yoast SEO plugin. -->","yoast_head_json":{"title":"Appartement piscine collioure","description":"location appartement vacances dans Collioure, class\u00e9 3 \u00e9toiles, 4 personnes, piscine, climatisation, parking, calme et proche plages","robots":{"index":"index","follow":"follow","max-snippet":"max-snippet:-1","max-image-preview":"max-image-preview:large","max-video-preview":"max-video-preview:-1"},"canonical":"https:\/\/collioure-colline.com\/index.php\/lappartement\/","og_locale":"en_US","og_type":"article","og_title":"Appartement piscine collioure","og_description":"location appartement vacances dans Collioure, class\u00e9 3 \u00e9toiles, 4 personnes, piscine, climatisation, parking, calme et proche plages","og_url":"https:\/\/collioure-colline.com\/index.php\/lappartement\/","og_site_name":"Appartement Collioure Colline","article_modified_time":"2024-02-01T16:16:59+00:00","og_image":[{"url":"http:\/\/collioure-colline.com\/wp-content\/uploads\/2019\/05\/piscinenew-1024x768.jpg"}],"twitter_card":"summary_large_image","twitter_misc":{"Est. reading time":"4 minutes"},"schema":{"@context":"https:\/\/schema.org","@graph":[{"@type":"WebPage","@id":"https:\/\/collioure-colline.com\/index.php\/lappartement\/","url":"https:\/\/collioure-colline.com\/index.php\/lappartement\/","name":"Appartement piscine collioure","isPartOf":{"@id":"https:\/\/collioure-colline.com\/#website"},"datePublished":"2019-04-07T17:08:28+00:00","dateModified":"2024-02-01T16:16:59+00:00","description":"location appartement vacances dans Collioure, class\u00e9 3 \u00e9toiles, 4 personnes, piscine, climatisation, parking, calme et proche plages","breadcrumb":{"@id":"https:\/\/collioure-colline.com\/index.php\/lappartement\/#breadcrumb"},"inLanguage":"en-US","potentialAction":[{"@type":"ReadAction","target":["https:\/\/collioure-colline.com\/index.php\/lappartement\/"]}]},{"@type":"BreadcrumbList","@id":"https:\/\/collioure-colline.com\/index.php\/lappartement\/#breadcrumb","itemListElement":[{"@type":"ListItem","position":1,"name":"Home","item":"https:\/\/collioure-colline.com\/"},{"@type":"ListItem","position":2,"name":"L&#8217;appartement"}]},{"@type":"WebSite","@id":"https:\/\/collioure-colline.com\/#website","url":"https:\/\/collioure-colline.com\/","name":"Appartement Collioure Colline","description":"Location saisonni\u00e8re","publisher":{"@id":"https:\/\/collioure-colline.com\/#organization"},"potentialAction":[{"@type":"SearchAction","target":{"@type":"EntryPoint","urlTemplate":"https:\/\/collioure-colline.com\/?s={search_term_string}"},"query-input":"required name=search_term_string"}],"inLanguage":"en-US"},{"@type":"Organization","@id":"https:\/\/collioure-colline.com\/#organization","name":"Appartement Colline Joubert \u00e0 Collioure","url":"https:\/\/collioure-colline.com\/","logo":{"@type":"ImageObject","inLanguage":"en-US","@id":"https:\/\/collioure-colline.com\/#\/schema\/logo\/image\/","url":"http:\/\/collioure-colline.com\/wp-content\/uploads\/2019\/04\/logo-colliourecolline.png","contentUrl":"http:\/\/collioure-colline.com\/wp-content\/uploads\/2019\/04\/logo-colliourecolline.png","width":400,"height":70,"caption":"Appartement Colline Joubert \u00e0 Collioure"},"image":{"@id":"https:\/\/collioure-colline.com\/#\/schema\/logo\/image\/"},"sameAs":["https:\/\/www.instagram.com\/collioure_colline\/"]}]}},"_links":{"self":[{"href":"https:\/\/collioure-colline.com\/index.php\/wp-json\/wp\/v2\/pages\/103"}],"collection":[{"href":"https:\/\/collioure-colline.com\/index.php\/wp-json\/wp\/v2\/pages"}],"about":[{"href":"https:\/\/collioure-colline.com\/index.php\/wp-json\/wp\/v2\/types\/page"}],"author":[{"embeddable":true,"href":"https:\/\/collioure-colline.com\/index.php\/wp-json\/wp\/v2\/users\/1"}],"replies":[{"embeddable":true,"href":"https:\/\/collioure-colline.com\/index.php\/wp-json\/wp\/v2\/comments?post=103"}],"version-history":[{"count":30,"href":"https:\/\/collioure-colline.com\/index.php\/wp-json\/wp\/v2\/pages\/103\/revisions"}],"predecessor-version":[{"id":720,"href":"https:\/\/collioure-colline.com\/index.php\/wp-json\/wp\/v2\/pages\/103\/revisions\/720"}],"wp:attachment":[{"href":"https:\/\/collioure-colline.com\/index.php\/wp-json\/wp\/v2\/media?parent=103"}],"curies":[{"name":"wp","href":"https:\/\/api.w.org\/{rel}","templated":true}]}}