{"id":156,"date":"2019-04-07T21:14:38","date_gmt":"2019-04-07T19:14:38","guid":{"rendered":"http:\/\/collioure-colline.com\/?page_id=156"},"modified":"2024-02-01T17:22:21","modified_gmt":"2024-02-01T16:22:21","slug":"se-rendre-a-collioure-et-aux-plages","status":"publish","type":"page","link":"https:\/\/collioure-colline.com\/index.php\/se-rendre-a-collioure-et-aux-plages\/","title":{"rendered":"Se rendre \u00e0 Collioure et aux plages"},"content":{"rendered":"\n<h2 class=\"wp-block-heading has-text-align-center\">A pied par le Douy<\/h2>\n\n\n\n<p>Le centre-ville et les plages sont \u00e0 900m. Vous pouvez vous y rendre en voiture, mais en pleine saison, les nombreux parkings de la ville sont souvent bond\u00e9s. &nbsp;Le mieux est de s\u2019y rendre \u00e0 pied, d\u2019autant plus que la promenade est tr\u00e8s sympathique en prenant le <strong>Douy<\/strong>, un sentier am\u00e9nag\u00e9, qui longe un petit ravin. Vous arriverez alors en 10\/12 mn en plein centre sur la place du march\u00e9 (Place Leclerc). <\/p>\n\n\n\n<p>D\u00e9part du Douy \u00e0 50 m de la r\u00e9sidence : descendre \u00e0 gauche en sortant du parking, puis tourner \u00e0 droite sur un petit chemin apr\u00e8s les immeubles, au niveau du terrain de sport.<\/p>\n\n\n\n<figure class=\"wp-block-image\"><img decoding=\"async\" loading=\"lazy\" width=\"768\" height=\"1024\" src=\"http:\/\/collioure-colline.com\/wp-content\/uploads\/2019\/04\/DOUY2-1-e1554664783391-768x1024.jpg\" alt=\"\" class=\"wp-image-162\" srcset=\"https:\/\/collioure-colline.com\/wp-content\/uploads\/2019\/04\/DOUY2-1-e1554664783391-768x1024.jpg 768w, https:\/\/collioure-colline.com\/wp-content\/uploads\/2019\/04\/DOUY2-1-e1554664783391-225x300.jpg 225w, https:\/\/collioure-colline.com\/wp-content\/uploads\/2019\/04\/DOUY2-1-e1554664783391-750x1000.jpg 750w\" sizes=\"(max-width: 768px) 100vw, 768px\" \/><\/figure>\n\n\n\n<div style=\"height:100px\" aria-hidden=\"true\" class=\"wp-block-spacer\"><\/div>\n\n\n\n<h2 class=\"wp-block-heading has-text-align-center\">Plan de la ville<\/h2>\n\n\n\n<p>Plan de collioure : cliquez ici  : <a href=\"https:\/\/www.collioure.fr\/fr\/plan-de-collioure\" data-type=\"URL\" data-id=\"https:\/\/www.collioure.fr\/fr\/plan-de-collioure\">https:\/\/www.collioure.fr\/fr\/plan-de-collioure<\/a><\/p>\n\n\n\n<p>Ou bien consultez celui-ci (appartement dans le cercle rouge) : <\/p>\n\n\n<div class=\"wp-block-image\">\n<figure class=\"aligncenter size-full\"><img decoding=\"async\" loading=\"lazy\" width=\"598\" height=\"1121\" src=\"http:\/\/collioure-colline.com\/wp-content\/uploads\/2019\/04\/700x420-plan2017Web.jpg\" alt=\"Collioure map\" class=\"wp-image-170\" srcset=\"https:\/\/collioure-colline.com\/wp-content\/uploads\/2019\/04\/700x420-plan2017Web.jpg 598w, https:\/\/collioure-colline.com\/wp-content\/uploads\/2019\/04\/700x420-plan2017Web-160x300.jpg 160w, https:\/\/collioure-colline.com\/wp-content\/uploads\/2019\/04\/700x420-plan2017Web-546x1024.jpg 546w\" sizes=\"(max-width: 598px) 100vw, 598px\" \/><\/figure><\/div>","protected":false},"excerpt":{"rendered":"<p>A pied par le Douy Le centre-ville et les plages sont \u00e0 900m. Vous pouvez vous y rendre en voiture, mais en pleine saison, les nombreux parkings de la ville sont souvent bond\u00e9s. &nbsp;Le mieux est de s\u2019y rendre \u00e0 pied, d\u2019autant plus que la promenade est tr\u00e8s sympathique en prenant le Douy, un sentier [&hellip;]<\/p>\n","protected":false},"author":1,"featured_media":0,"parent":0,"menu_order":0,"comment_status":"closed","ping_status":"closed","template":"","meta":[],"yoast_head":"<!-- This site is optimized with the Yoast SEO plugin v20.11 - https:\/\/yoast.com\/wordpress\/plugins\/seo\/ -->\n<title>plage et centre Collioure<\/title>\n<meta name=\"description\" content=\"Tr\u00e8s facile et rapide d&#039;aller au centre de Collioure et aux plages depuis l&#039;appartement\" \/>\n<meta name=\"robots\" content=\"index, follow, max-snippet:-1, max-image-preview:large, max-video-preview:-1\" \/>\n<link rel=\"canonical\" href=\"https:\/\/collioure-colline.com\/index.php\/se-rendre-a-collioure-et-aux-plages\/\" \/>\n<meta property=\"og:locale\" content=\"en_US\" \/>\n<meta property=\"og:type\" content=\"article\" \/>\n<meta property=\"og:title\" content=\"plage et centre Collioure\" \/>\n<meta property=\"og:description\" content=\"Tr\u00e8s facile et rapide d&#039;aller au centre de Collioure et aux plages depuis l&#039;appartement\" \/>\n<meta property=\"og:url\" content=\"https:\/\/collioure-colline.com\/index.php\/se-rendre-a-collioure-et-aux-plages\/\" \/>\n<meta property=\"og:site_name\" content=\"Appartement Collioure Colline\" \/>\n<meta property=\"article:modified_time\" content=\"2024-02-01T16:22:21+00:00\" \/>\n<meta property=\"og:image\" content=\"http:\/\/collioure-colline.com\/wp-content\/uploads\/2019\/04\/DOUY2-1-e1554664783391-768x1024.jpg\" \/>\n<meta name=\"twitter:card\" content=\"summary_large_image\" \/>\n<meta name=\"twitter:label1\" content=\"Est. reading time\" \/>\n\t<meta name=\"twitter:data1\" content=\"1 minute\" \/>\n<script type=\"application\/ld+json\" class=\"yoast-schema-graph\">{\"@context\":\"https:\/\/schema.org\",\"@graph\":[{\"@type\":\"WebPage\",\"@id\":\"https:\/\/collioure-colline.com\/index.php\/se-rendre-a-collioure-et-aux-plages\/\",\"url\":\"https:\/\/collioure-colline.com\/index.php\/se-rendre-a-collioure-et-aux-plages\/\",\"name\":\"plage et centre Collioure\",\"isPartOf\":{\"@id\":\"https:\/\/collioure-colline.com\/#website\"},\"datePublished\":\"2019-04-07T19:14:38+00:00\",\"dateModified\":\"2024-02-01T16:22:21+00:00\",\"description\":\"Tr\u00e8s facile et rapide d'aller au centre de Collioure et aux plages depuis l'appartement\",\"breadcrumb\":{\"@id\":\"https:\/\/collioure-colline.com\/index.php\/se-rendre-a-collioure-et-aux-plages\/#breadcrumb\"},\"inLanguage\":\"en-US\",\"potentialAction\":[{\"@type\":\"ReadAction\",\"target\":[\"https:\/\/collioure-colline.com\/index.php\/se-rendre-a-collioure-et-aux-plages\/\"]}]},{\"@type\":\"BreadcrumbList\",\"@id\":\"https:\/\/collioure-colline.com\/index.php\/se-rendre-a-collioure-et-aux-plages\/#breadcrumb\",\"itemListElement\":[{\"@type\":\"ListItem\",\"position\":1,\"name\":\"Home\",\"item\":\"https:\/\/collioure-colline.com\/\"},{\"@type\":\"ListItem\",\"position\":2,\"name\":\"Se rendre \u00e0 Collioure et aux plages\"}]},{\"@type\":\"WebSite\",\"@id\":\"https:\/\/collioure-colline.com\/#website\",\"url\":\"https:\/\/collioure-colline.com\/\",\"name\":\"Appartement Collioure Colline\",\"description\":\"Location saisonni\u00e8re\",\"publisher\":{\"@id\":\"https:\/\/collioure-colline.com\/#organization\"},\"potentialAction\":[{\"@type\":\"SearchAction\",\"target\":{\"@type\":\"EntryPoint\",\"urlTemplate\":\"https:\/\/collioure-colline.com\/?s={search_term_string}\"},\"query-input\":\"required name=search_term_string\"}],\"inLanguage\":\"en-US\"},{\"@type\":\"Organization\",\"@id\":\"https:\/\/collioure-colline.com\/#organization\",\"name\":\"Appartement Colline Joubert \u00e0 Collioure\",\"url\":\"https:\/\/collioure-colline.com\/\",\"logo\":{\"@type\":\"ImageObject\",\"inLanguage\":\"en-US\",\"@id\":\"https:\/\/collioure-colline.com\/#\/schema\/logo\/image\/\",\"url\":\"http:\/\/collioure-colline.com\/wp-content\/uploads\/2019\/04\/logo-colliourecolline.png\",\"contentUrl\":\"http:\/\/collioure-colline.com\/wp-content\/uploads\/2019\/04\/logo-colliourecolline.png\",\"width\":400,\"height\":70,\"caption\":\"Appartement Colline Joubert \u00e0 Collioure\"},\"image\":{\"@id\":\"https:\/\/collioure-colline.com\/#\/schema\/logo\/image\/\"},\"sameAs\":[\"https:\/\/www.instagram.com\/collioure_colline\/\"]}]}<\/script>\n<!-- \/ Yoast SEO plugin. -->","yoast_head_json":{"title":"plage et centre Collioure","description":"Tr\u00e8s facile et rapide d'aller au centre de Collioure et aux plages depuis l'appartement","robots":{"index":"index","follow":"follow","max-snippet":"max-snippet:-1","max-image-preview":"max-image-preview:large","max-video-preview":"max-video-preview:-1"},"canonical":"https:\/\/collioure-colline.com\/index.php\/se-rendre-a-collioure-et-aux-plages\/","og_locale":"en_US","og_type":"article","og_title":"plage et centre Collioure","og_description":"Tr\u00e8s facile et rapide d'aller au centre de Collioure et aux plages depuis l'appartement","og_url":"https:\/\/collioure-colline.com\/index.php\/se-rendre-a-collioure-et-aux-plages\/","og_site_name":"Appartement Collioure Colline","article_modified_time":"2024-02-01T16:22:21+00:00","og_image":[{"url":"http:\/\/collioure-colline.com\/wp-content\/uploads\/2019\/04\/DOUY2-1-e1554664783391-768x1024.jpg"}],"twitter_card":"summary_large_image","twitter_misc":{"Est. reading time":"1 minute"},"schema":{"@context":"https:\/\/schema.org","@graph":[{"@type":"WebPage","@id":"https:\/\/collioure-colline.com\/index.php\/se-rendre-a-collioure-et-aux-plages\/","url":"https:\/\/collioure-colline.com\/index.php\/se-rendre-a-collioure-et-aux-plages\/","name":"plage et centre Collioure","isPartOf":{"@id":"https:\/\/collioure-colline.com\/#website"},"datePublished":"2019-04-07T19:14:38+00:00","dateModified":"2024-02-01T16:22:21+00:00","description":"Tr\u00e8s facile et rapide d'aller au centre de Collioure et aux plages depuis l'appartement","breadcrumb":{"@id":"https:\/\/collioure-colline.com\/index.php\/se-rendre-a-collioure-et-aux-plages\/#breadcrumb"},"inLanguage":"en-US","potentialAction":[{"@type":"ReadAction","target":["https:\/\/collioure-colline.com\/index.php\/se-rendre-a-collioure-et-aux-plages\/"]}]},{"@type":"BreadcrumbList","@id":"https:\/\/collioure-colline.com\/index.php\/se-rendre-a-collioure-et-aux-plages\/#breadcrumb","itemListElement":[{"@type":"ListItem","position":1,"name":"Home","item":"https:\/\/collioure-colline.com\/"},{"@type":"ListItem","position":2,"name":"Se rendre \u00e0 Collioure et aux plages"}]},{"@type":"WebSite","@id":"https:\/\/collioure-colline.com\/#website","url":"https:\/\/collioure-colline.com\/","name":"Appartement Collioure Colline","description":"Location saisonni\u00e8re","publisher":{"@id":"https:\/\/collioure-colline.com\/#organization"},"potentialAction":[{"@type":"SearchAction","target":{"@type":"EntryPoint","urlTemplate":"https:\/\/collioure-colline.com\/?s={search_term_string}"},"query-input":"required name=search_term_string"}],"inLanguage":"en-US"},{"@type":"Organization","@id":"https:\/\/collioure-colline.com\/#organization","name":"Appartement Colline Joubert \u00e0 Collioure","url":"https:\/\/collioure-colline.com\/","logo":{"@type":"ImageObject","inLanguage":"en-US","@id":"https:\/\/collioure-colline.com\/#\/schema\/logo\/image\/","url":"http:\/\/collioure-colline.com\/wp-content\/uploads\/2019\/04\/logo-colliourecolline.png","contentUrl":"http:\/\/collioure-colline.com\/wp-content\/uploads\/2019\/04\/logo-colliourecolline.png","width":400,"height":70,"caption":"Appartement Colline Joubert \u00e0 Collioure"},"image":{"@id":"https:\/\/collioure-colline.com\/#\/schema\/logo\/image\/"},"sameAs":["https:\/\/www.instagram.com\/collioure_colline\/"]}]}},"_links":{"self":[{"href":"https:\/\/collioure-colline.com\/index.php\/wp-json\/wp\/v2\/pages\/156"}],"collection":[{"href":"https:\/\/collioure-colline.com\/index.php\/wp-json\/wp\/v2\/pages"}],"about":[{"href":"https:\/\/collioure-colline.com\/index.php\/wp-json\/wp\/v2\/types\/page"}],"author":[{"embeddable":true,"href":"https:\/\/collioure-colline.com\/index.php\/wp-json\/wp\/v2\/users\/1"}],"replies":[{"embeddable":true,"href":"https:\/\/collioure-colline.com\/index.php\/wp-json\/wp\/v2\/comments?post=156"}],"version-history":[{"count":17,"href":"https:\/\/collioure-colline.com\/index.php\/wp-json\/wp\/v2\/pages\/156\/revisions"}],"predecessor-version":[{"id":733,"href":"https:\/\/collioure-colline.com\/index.php\/wp-json\/wp\/v2\/pages\/156\/revisions\/733"}],"wp:attachment":[{"href":"https:\/\/collioure-colline.com\/index.php\/wp-json\/wp\/v2\/media?parent=156"}],"curies":[{"name":"wp","href":"https:\/\/api.w.org\/{rel}","templated":true}]}}