{"id":175,"date":"2019-04-07T22:23:19","date_gmt":"2019-04-07T20:23:19","guid":{"rendered":"http:\/\/collioure-colline.com\/?page_id=175"},"modified":"2024-02-01T17:26:30","modified_gmt":"2024-02-01T16:26:30","slug":"tarifs","status":"publish","type":"page","link":"https:\/\/collioure-colline.com\/index.php\/tarifs\/","title":{"rendered":"Tarifs &#038; contacts"},"content":{"rendered":"\n<div class=\"infogram-embed\" data-id=\"3b3920b3-db85-4737-85a4-d8a209cc772a\" data-type=\"interactive\" data-title=\"tarifs collioure\"><\/div><script>!function(e,n,i,s){var d=\"InfogramEmbeds\";var o=e.getElementsByTagName(n)[0];if(window[d]&&window[d].initialized)window[d].process&&window[d].process();else if(!e.getElementById(i)){var r=e.createElement(n);r.async=1,r.id=i,r.src=s,o.parentNode.insertBefore(r,o)}}(document,\"script\",\"infogram-async\",\"https:\/\/e.infogram.com\/js\/dist\/embed-loader-min.js\");<\/script><div style=\"padding:8px 0;font-family:Arial!important;font-size:13px!important;line-height:15px!important;text-align:center;border-top:1px solid #dadada;margin:0 30px\"><a href=\"https:\/\/infogram.com\/3b3920b3-db85-4737-85a4-d8a209cc772a\" style=\"color:#989898!important;text-decoration:none!important;\" target=\"_blank\" rel=\"noopener\">tarifs collioure<\/a><br><a href=\"https:\/\/infogram.com\" style=\"color:#989898!important;text-decoration:none!important;\" target=\"_blank\" rel=\"nofollow noopener\">Infogram<\/a><\/div>\n\n\n\n<p>Les tarifs sont exprim\u00e9s en euros et incluent les taxes de s\u00e9jour; ils sont propos\u00e9s sans m\u00e9nage et sans linge de maison (draps, serviettes, torchon). <\/p>\n\n\n\n<p>Une prestation m\u00e9nage fin de s\u00e9jour et \/ ou linge pourra \u00eatre propos\u00e9e sur demande, venant s&#8217;ajouter au prix de la location.<\/p>\n\n\n\n<p class=\"has-vivid-cyan-blue-color has-text-color\"><em>The price is in \u20ac  and includes tourist tax. The price is excluding cleaning service &amp; house linen (sheets, towels). The minimal duration for your stay (high &amp; very high season) is one week, from saturday to saturday.<\/em><\/p>\n\n\n\n<p class=\"has-vivid-cyan-blue-color has-text-color\"><em>As an option, a cleaning service at the end of your stay,  and \/or linen can be proposed on request, in addition to the rental price.<\/em><\/p>\n\n\n\n<h3 class=\"wp-block-heading\">Contact Propri\u00e9taire<\/h3>\n\n\n\n<p>Pour toute information, envoyez un email \u00e0 soneviere@yahoo.fr<\/p>\n\n\n\n<p>Ou passez par la messagerie Instagram : <a href=\"https:\/\/www.instagram.com\/collioure_colline\/\" target=\"_blank\" rel=\"noreferrer noopener\">https:\/\/www.instagram.com\/collioure_colline\/<\/a><\/p>\n","protected":false},"excerpt":{"rendered":"<p>tarifs collioureInfogram Les tarifs sont exprim\u00e9s en euros et incluent les taxes de s\u00e9jour; ils sont propos\u00e9s sans m\u00e9nage et sans linge de maison (draps, serviettes, torchon). Une prestation m\u00e9nage fin de s\u00e9jour et \/ ou linge pourra \u00eatre propos\u00e9e sur demande, venant s&#8217;ajouter au prix de la location. The price is in \u20ac and [&hellip;]<\/p>\n","protected":false},"author":1,"featured_media":205,"parent":0,"menu_order":0,"comment_status":"closed","ping_status":"closed","template":"","meta":[],"yoast_head":"<!-- This site is optimized with the Yoast SEO plugin v20.11 - https:\/\/yoast.com\/wordpress\/plugins\/seo\/ -->\n<title>Prix location vacances collioure<\/title>\n<meta name=\"description\" content=\"location appartement vacances dans Collioure, class\u00e9 3 *, 4 personnes, piscine, climatisation, parking, calme et proche plages\" \/>\n<meta name=\"robots\" content=\"index, follow, max-snippet:-1, max-image-preview:large, max-video-preview:-1\" \/>\n<link rel=\"canonical\" href=\"https:\/\/collioure-colline.com\/index.php\/tarifs\/\" \/>\n<meta property=\"og:locale\" content=\"en_US\" \/>\n<meta property=\"og:type\" content=\"article\" \/>\n<meta property=\"og:title\" content=\"Prix location vacances collioure\" \/>\n<meta property=\"og:description\" content=\"location appartement vacances dans Collioure, class\u00e9 3 *, 4 personnes, piscine, climatisation, parking, calme et proche plages\" \/>\n<meta property=\"og:url\" content=\"https:\/\/collioure-colline.com\/index.php\/tarifs\/\" \/>\n<meta property=\"og:site_name\" content=\"Appartement Collioure Colline\" \/>\n<meta property=\"article:modified_time\" content=\"2024-02-01T16:26:30+00:00\" \/>\n<meta property=\"og:image\" content=\"https:\/\/collioure-colline.com\/wp-content\/uploads\/2019\/04\/village4-e1554841705694-768x1024.jpg\" \/>\n\t<meta property=\"og:image:width\" content=\"768\" \/>\n\t<meta property=\"og:image:height\" content=\"1024\" \/>\n\t<meta property=\"og:image:type\" content=\"image\/jpeg\" \/>\n<meta name=\"twitter:card\" content=\"summary_large_image\" \/>\n<meta name=\"twitter:label1\" content=\"Est. reading time\" \/>\n\t<meta name=\"twitter:data1\" content=\"1 minute\" \/>\n<script type=\"application\/ld+json\" class=\"yoast-schema-graph\">{\"@context\":\"https:\/\/schema.org\",\"@graph\":[{\"@type\":\"WebPage\",\"@id\":\"https:\/\/collioure-colline.com\/index.php\/tarifs\/\",\"url\":\"https:\/\/collioure-colline.com\/index.php\/tarifs\/\",\"name\":\"Prix location vacances collioure\",\"isPartOf\":{\"@id\":\"https:\/\/collioure-colline.com\/#website\"},\"datePublished\":\"2019-04-07T20:23:19+00:00\",\"dateModified\":\"2024-02-01T16:26:30+00:00\",\"description\":\"location appartement vacances dans Collioure, class\u00e9 3 *, 4 personnes, piscine, climatisation, parking, calme et proche plages\",\"breadcrumb\":{\"@id\":\"https:\/\/collioure-colline.com\/index.php\/tarifs\/#breadcrumb\"},\"inLanguage\":\"en-US\",\"potentialAction\":[{\"@type\":\"ReadAction\",\"target\":[\"https:\/\/collioure-colline.com\/index.php\/tarifs\/\"]}]},{\"@type\":\"BreadcrumbList\",\"@id\":\"https:\/\/collioure-colline.com\/index.php\/tarifs\/#breadcrumb\",\"itemListElement\":[{\"@type\":\"ListItem\",\"position\":1,\"name\":\"Home\",\"item\":\"https:\/\/collioure-colline.com\/\"},{\"@type\":\"ListItem\",\"position\":2,\"name\":\"Tarifs &#038; contacts\"}]},{\"@type\":\"WebSite\",\"@id\":\"https:\/\/collioure-colline.com\/#website\",\"url\":\"https:\/\/collioure-colline.com\/\",\"name\":\"Appartement Collioure Colline\",\"description\":\"Location saisonni\u00e8re\",\"publisher\":{\"@id\":\"https:\/\/collioure-colline.com\/#organization\"},\"potentialAction\":[{\"@type\":\"SearchAction\",\"target\":{\"@type\":\"EntryPoint\",\"urlTemplate\":\"https:\/\/collioure-colline.com\/?s={search_term_string}\"},\"query-input\":\"required name=search_term_string\"}],\"inLanguage\":\"en-US\"},{\"@type\":\"Organization\",\"@id\":\"https:\/\/collioure-colline.com\/#organization\",\"name\":\"Appartement Colline Joubert \u00e0 Collioure\",\"url\":\"https:\/\/collioure-colline.com\/\",\"logo\":{\"@type\":\"ImageObject\",\"inLanguage\":\"en-US\",\"@id\":\"https:\/\/collioure-colline.com\/#\/schema\/logo\/image\/\",\"url\":\"http:\/\/collioure-colline.com\/wp-content\/uploads\/2019\/04\/logo-colliourecolline.png\",\"contentUrl\":\"http:\/\/collioure-colline.com\/wp-content\/uploads\/2019\/04\/logo-colliourecolline.png\",\"width\":400,\"height\":70,\"caption\":\"Appartement Colline Joubert \u00e0 Collioure\"},\"image\":{\"@id\":\"https:\/\/collioure-colline.com\/#\/schema\/logo\/image\/\"},\"sameAs\":[\"https:\/\/www.instagram.com\/collioure_colline\/\"]}]}<\/script>\n<!-- \/ Yoast SEO plugin. -->","yoast_head_json":{"title":"Prix location vacances collioure","description":"location appartement vacances dans Collioure, class\u00e9 3 *, 4 personnes, piscine, climatisation, parking, calme et proche plages","robots":{"index":"index","follow":"follow","max-snippet":"max-snippet:-1","max-image-preview":"max-image-preview:large","max-video-preview":"max-video-preview:-1"},"canonical":"https:\/\/collioure-colline.com\/index.php\/tarifs\/","og_locale":"en_US","og_type":"article","og_title":"Prix location vacances collioure","og_description":"location appartement vacances dans Collioure, class\u00e9 3 *, 4 personnes, piscine, climatisation, parking, calme et proche plages","og_url":"https:\/\/collioure-colline.com\/index.php\/tarifs\/","og_site_name":"Appartement Collioure Colline","article_modified_time":"2024-02-01T16:26:30+00:00","og_image":[{"width":768,"height":1024,"url":"https:\/\/collioure-colline.com\/wp-content\/uploads\/2019\/04\/village4-e1554841705694-768x1024.jpg","type":"image\/jpeg"}],"twitter_card":"summary_large_image","twitter_misc":{"Est. reading time":"1 minute"},"schema":{"@context":"https:\/\/schema.org","@graph":[{"@type":"WebPage","@id":"https:\/\/collioure-colline.com\/index.php\/tarifs\/","url":"https:\/\/collioure-colline.com\/index.php\/tarifs\/","name":"Prix location vacances collioure","isPartOf":{"@id":"https:\/\/collioure-colline.com\/#website"},"datePublished":"2019-04-07T20:23:19+00:00","dateModified":"2024-02-01T16:26:30+00:00","description":"location appartement vacances dans Collioure, class\u00e9 3 *, 4 personnes, piscine, climatisation, parking, calme et proche plages","breadcrumb":{"@id":"https:\/\/collioure-colline.com\/index.php\/tarifs\/#breadcrumb"},"inLanguage":"en-US","potentialAction":[{"@type":"ReadAction","target":["https:\/\/collioure-colline.com\/index.php\/tarifs\/"]}]},{"@type":"BreadcrumbList","@id":"https:\/\/collioure-colline.com\/index.php\/tarifs\/#breadcrumb","itemListElement":[{"@type":"ListItem","position":1,"name":"Home","item":"https:\/\/collioure-colline.com\/"},{"@type":"ListItem","position":2,"name":"Tarifs &#038; contacts"}]},{"@type":"WebSite","@id":"https:\/\/collioure-colline.com\/#website","url":"https:\/\/collioure-colline.com\/","name":"Appartement Collioure Colline","description":"Location saisonni\u00e8re","publisher":{"@id":"https:\/\/collioure-colline.com\/#organization"},"potentialAction":[{"@type":"SearchAction","target":{"@type":"EntryPoint","urlTemplate":"https:\/\/collioure-colline.com\/?s={search_term_string}"},"query-input":"required name=search_term_string"}],"inLanguage":"en-US"},{"@type":"Organization","@id":"https:\/\/collioure-colline.com\/#organization","name":"Appartement Colline Joubert \u00e0 Collioure","url":"https:\/\/collioure-colline.com\/","logo":{"@type":"ImageObject","inLanguage":"en-US","@id":"https:\/\/collioure-colline.com\/#\/schema\/logo\/image\/","url":"http:\/\/collioure-colline.com\/wp-content\/uploads\/2019\/04\/logo-colliourecolline.png","contentUrl":"http:\/\/collioure-colline.com\/wp-content\/uploads\/2019\/04\/logo-colliourecolline.png","width":400,"height":70,"caption":"Appartement Colline Joubert \u00e0 Collioure"},"image":{"@id":"https:\/\/collioure-colline.com\/#\/schema\/logo\/image\/"},"sameAs":["https:\/\/www.instagram.com\/collioure_colline\/"]}]}},"_links":{"self":[{"href":"https:\/\/collioure-colline.com\/index.php\/wp-json\/wp\/v2\/pages\/175"}],"collection":[{"href":"https:\/\/collioure-colline.com\/index.php\/wp-json\/wp\/v2\/pages"}],"about":[{"href":"https:\/\/collioure-colline.com\/index.php\/wp-json\/wp\/v2\/types\/page"}],"author":[{"embeddable":true,"href":"https:\/\/collioure-colline.com\/index.php\/wp-json\/wp\/v2\/users\/1"}],"replies":[{"embeddable":true,"href":"https:\/\/collioure-colline.com\/index.php\/wp-json\/wp\/v2\/comments?post=175"}],"version-history":[{"count":17,"href":"https:\/\/collioure-colline.com\/index.php\/wp-json\/wp\/v2\/pages\/175\/revisions"}],"predecessor-version":[{"id":729,"href":"https:\/\/collioure-colline.com\/index.php\/wp-json\/wp\/v2\/pages\/175\/revisions\/729"}],"wp:featuredmedia":[{"embeddable":true,"href":"https:\/\/collioure-colline.com\/index.php\/wp-json\/wp\/v2\/media\/205"}],"wp:attachment":[{"href":"https:\/\/collioure-colline.com\/index.php\/wp-json\/wp\/v2\/media?parent=175"}],"curies":[{"name":"wp","href":"https:\/\/api.w.org\/{rel}","templated":true}]}}