{"id":635,"date":"2020-01-07T22:24:13","date_gmt":"2020-01-07T21:24:13","guid":{"rendered":"http:\/\/collioure-colline.com\/?page_id=635"},"modified":"2023-07-19T14:19:45","modified_gmt":"2023-07-19T12:19:45","slug":"contrat-type-et-cgv","status":"publish","type":"page","link":"https:\/\/collioure-colline.com\/index.php\/contrat-type-et-cgv\/","title":{"rendered":"Contrat type et CGV"},"content":{"rendered":"\n<p class=\"has-text-color\" style=\"color:#080808\">Les documents ci-apr\u00e8s sont le contrat-type et les conditions particuli\u00e8res de location qui doivent \u00eatre sign\u00e9s par le propri\u00e9taire et le locataire. Ils sont ici donn\u00e9s \u00e0 titre d&#8217;information, et ne peuvent \u00eatre utilis\u00e9s qu&#8217;apr\u00e8s l&#8217;accord pass\u00e9 sur les conditions de locations entre le propri\u00e9taire et le locataire.<\/p>\n\n\n\n<p class=\"has-text-color\" style=\"color:#090a0a\"><em>The following documents are the contract and the terms and conditions, both should be signed by landlord and tenant. These documents are for information only, and should be used only after agreement on the renting conditions (duration, price, etc&#8230;) with the landlord.<\/em><\/p>\n\n\n\n<div class=\"wp-block-file\"><a id=\"wp-block-file--media-554be1a8-a781-4a8f-b38f-141fd5f97c60\" href=\"http:\/\/collioure-colline.com\/wp-content\/uploads\/2020\/01\/Contrat-Type-Collioure-Joubert.pdf\">Contrat Type Collioure Joubert<\/a><a href=\"http:\/\/collioure-colline.com\/wp-content\/uploads\/2020\/01\/Contrat-Type-Collioure-Joubert.pdf\" class=\"wp-block-file__button wp-element-button\" download aria-describedby=\"wp-block-file--media-554be1a8-a781-4a8f-b38f-141fd5f97c60\">Download<\/a><\/div>\n\n\n\n<div class=\"wp-block-file\"><a id=\"wp-block-file--media-39670bc7-4384-4907-b2ec-91d43d6638cc\" href=\"http:\/\/collioure-colline.com\/wp-content\/uploads\/2020\/01\/CGV-Appartement-Colline-S-Joubert.pdf\">CGV Appartement Colline S Joubert<\/a><a href=\"http:\/\/collioure-colline.com\/wp-content\/uploads\/2020\/01\/CGV-Appartement-Colline-S-Joubert.pdf\" class=\"wp-block-file__button wp-element-button\" download aria-describedby=\"wp-block-file--media-39670bc7-4384-4907-b2ec-91d43d6638cc\">Download<\/a><\/div>\n","protected":false},"excerpt":{"rendered":"<p>Les documents ci-apr\u00e8s sont le contrat-type et les conditions particuli\u00e8res de location qui doivent \u00eatre sign\u00e9s par le propri\u00e9taire et le locataire. Ils sont ici donn\u00e9s \u00e0 titre d&#8217;information, et ne peuvent \u00eatre utilis\u00e9s qu&#8217;apr\u00e8s l&#8217;accord pass\u00e9 sur les conditions de locations entre le propri\u00e9taire et le locataire. The following documents are the contract and [&hellip;]<\/p>\n","protected":false},"author":1,"featured_media":664,"parent":0,"menu_order":0,"comment_status":"closed","ping_status":"closed","template":"","meta":[],"yoast_head":"<!-- This site is optimized with the Yoast SEO plugin v20.11 - https:\/\/yoast.com\/wordpress\/plugins\/seo\/ -->\n<title>Contrat type et CGV - Appartement Collioure Colline<\/title>\n<meta name=\"robots\" content=\"index, follow, max-snippet:-1, max-image-preview:large, max-video-preview:-1\" \/>\n<link rel=\"canonical\" href=\"https:\/\/collioure-colline.com\/index.php\/contrat-type-et-cgv\/\" \/>\n<meta property=\"og:locale\" content=\"en_US\" \/>\n<meta property=\"og:type\" content=\"article\" \/>\n<meta property=\"og:title\" content=\"Contrat type et CGV - Appartement Collioure Colline\" \/>\n<meta property=\"og:description\" content=\"Les documents ci-apr\u00e8s sont le contrat-type et les conditions particuli\u00e8res de location qui doivent \u00eatre sign\u00e9s par le propri\u00e9taire et le locataire. Ils sont ici donn\u00e9s \u00e0 titre d&#8217;information, et ne peuvent \u00eatre utilis\u00e9s qu&#8217;apr\u00e8s l&#8217;accord pass\u00e9 sur les conditions de locations entre le propri\u00e9taire et le locataire. The following documents are the contract and [&hellip;]\" \/>\n<meta property=\"og:url\" content=\"https:\/\/collioure-colline.com\/index.php\/contrat-type-et-cgv\/\" \/>\n<meta property=\"og:site_name\" content=\"Appartement Collioure Colline\" \/>\n<meta property=\"article:modified_time\" content=\"2023-07-19T12:19:45+00:00\" \/>\n<meta property=\"og:image\" content=\"https:\/\/collioure-colline.com\/wp-content\/uploads\/2023\/07\/meurtriere-sea-through.jpg\" \/>\n\t<meta property=\"og:image:width\" content=\"688\" \/>\n\t<meta property=\"og:image:height\" content=\"1416\" \/>\n\t<meta property=\"og:image:type\" content=\"image\/jpeg\" \/>\n<meta name=\"twitter:card\" content=\"summary_large_image\" \/>\n<meta name=\"twitter:label1\" content=\"Est. reading time\" \/>\n\t<meta name=\"twitter:data1\" content=\"1 minute\" \/>\n<script type=\"application\/ld+json\" class=\"yoast-schema-graph\">{\"@context\":\"https:\/\/schema.org\",\"@graph\":[{\"@type\":\"WebPage\",\"@id\":\"https:\/\/collioure-colline.com\/index.php\/contrat-type-et-cgv\/\",\"url\":\"https:\/\/collioure-colline.com\/index.php\/contrat-type-et-cgv\/\",\"name\":\"Contrat type et CGV - Appartement Collioure Colline\",\"isPartOf\":{\"@id\":\"https:\/\/collioure-colline.com\/#website\"},\"datePublished\":\"2020-01-07T21:24:13+00:00\",\"dateModified\":\"2023-07-19T12:19:45+00:00\",\"breadcrumb\":{\"@id\":\"https:\/\/collioure-colline.com\/index.php\/contrat-type-et-cgv\/#breadcrumb\"},\"inLanguage\":\"en-US\",\"potentialAction\":[{\"@type\":\"ReadAction\",\"target\":[\"https:\/\/collioure-colline.com\/index.php\/contrat-type-et-cgv\/\"]}]},{\"@type\":\"BreadcrumbList\",\"@id\":\"https:\/\/collioure-colline.com\/index.php\/contrat-type-et-cgv\/#breadcrumb\",\"itemListElement\":[{\"@type\":\"ListItem\",\"position\":1,\"name\":\"Home\",\"item\":\"https:\/\/collioure-colline.com\/\"},{\"@type\":\"ListItem\",\"position\":2,\"name\":\"Contrat type et CGV\"}]},{\"@type\":\"WebSite\",\"@id\":\"https:\/\/collioure-colline.com\/#website\",\"url\":\"https:\/\/collioure-colline.com\/\",\"name\":\"Appartement Collioure Colline\",\"description\":\"Location saisonni\u00e8re\",\"publisher\":{\"@id\":\"https:\/\/collioure-colline.com\/#organization\"},\"potentialAction\":[{\"@type\":\"SearchAction\",\"target\":{\"@type\":\"EntryPoint\",\"urlTemplate\":\"https:\/\/collioure-colline.com\/?s={search_term_string}\"},\"query-input\":\"required name=search_term_string\"}],\"inLanguage\":\"en-US\"},{\"@type\":\"Organization\",\"@id\":\"https:\/\/collioure-colline.com\/#organization\",\"name\":\"Appartement Colline Joubert \u00e0 Collioure\",\"url\":\"https:\/\/collioure-colline.com\/\",\"logo\":{\"@type\":\"ImageObject\",\"inLanguage\":\"en-US\",\"@id\":\"https:\/\/collioure-colline.com\/#\/schema\/logo\/image\/\",\"url\":\"http:\/\/collioure-colline.com\/wp-content\/uploads\/2019\/04\/logo-colliourecolline.png\",\"contentUrl\":\"http:\/\/collioure-colline.com\/wp-content\/uploads\/2019\/04\/logo-colliourecolline.png\",\"width\":400,\"height\":70,\"caption\":\"Appartement Colline Joubert \u00e0 Collioure\"},\"image\":{\"@id\":\"https:\/\/collioure-colline.com\/#\/schema\/logo\/image\/\"},\"sameAs\":[\"https:\/\/www.instagram.com\/collioure_colline\/\"]}]}<\/script>\n<!-- \/ Yoast SEO plugin. -->","yoast_head_json":{"title":"Contrat type et CGV - Appartement Collioure Colline","robots":{"index":"index","follow":"follow","max-snippet":"max-snippet:-1","max-image-preview":"max-image-preview:large","max-video-preview":"max-video-preview:-1"},"canonical":"https:\/\/collioure-colline.com\/index.php\/contrat-type-et-cgv\/","og_locale":"en_US","og_type":"article","og_title":"Contrat type et CGV - Appartement Collioure Colline","og_description":"Les documents ci-apr\u00e8s sont le contrat-type et les conditions particuli\u00e8res de location qui doivent \u00eatre sign\u00e9s par le propri\u00e9taire et le locataire. Ils sont ici donn\u00e9s \u00e0 titre d&#8217;information, et ne peuvent \u00eatre utilis\u00e9s qu&#8217;apr\u00e8s l&#8217;accord pass\u00e9 sur les conditions de locations entre le propri\u00e9taire et le locataire. The following documents are the contract and [&hellip;]","og_url":"https:\/\/collioure-colline.com\/index.php\/contrat-type-et-cgv\/","og_site_name":"Appartement Collioure Colline","article_modified_time":"2023-07-19T12:19:45+00:00","og_image":[{"width":688,"height":1416,"url":"https:\/\/collioure-colline.com\/wp-content\/uploads\/2023\/07\/meurtriere-sea-through.jpg","type":"image\/jpeg"}],"twitter_card":"summary_large_image","twitter_misc":{"Est. reading time":"1 minute"},"schema":{"@context":"https:\/\/schema.org","@graph":[{"@type":"WebPage","@id":"https:\/\/collioure-colline.com\/index.php\/contrat-type-et-cgv\/","url":"https:\/\/collioure-colline.com\/index.php\/contrat-type-et-cgv\/","name":"Contrat type et CGV - Appartement Collioure Colline","isPartOf":{"@id":"https:\/\/collioure-colline.com\/#website"},"datePublished":"2020-01-07T21:24:13+00:00","dateModified":"2023-07-19T12:19:45+00:00","breadcrumb":{"@id":"https:\/\/collioure-colline.com\/index.php\/contrat-type-et-cgv\/#breadcrumb"},"inLanguage":"en-US","potentialAction":[{"@type":"ReadAction","target":["https:\/\/collioure-colline.com\/index.php\/contrat-type-et-cgv\/"]}]},{"@type":"BreadcrumbList","@id":"https:\/\/collioure-colline.com\/index.php\/contrat-type-et-cgv\/#breadcrumb","itemListElement":[{"@type":"ListItem","position":1,"name":"Home","item":"https:\/\/collioure-colline.com\/"},{"@type":"ListItem","position":2,"name":"Contrat type et CGV"}]},{"@type":"WebSite","@id":"https:\/\/collioure-colline.com\/#website","url":"https:\/\/collioure-colline.com\/","name":"Appartement Collioure Colline","description":"Location saisonni\u00e8re","publisher":{"@id":"https:\/\/collioure-colline.com\/#organization"},"potentialAction":[{"@type":"SearchAction","target":{"@type":"EntryPoint","urlTemplate":"https:\/\/collioure-colline.com\/?s={search_term_string}"},"query-input":"required name=search_term_string"}],"inLanguage":"en-US"},{"@type":"Organization","@id":"https:\/\/collioure-colline.com\/#organization","name":"Appartement Colline Joubert \u00e0 Collioure","url":"https:\/\/collioure-colline.com\/","logo":{"@type":"ImageObject","inLanguage":"en-US","@id":"https:\/\/collioure-colline.com\/#\/schema\/logo\/image\/","url":"http:\/\/collioure-colline.com\/wp-content\/uploads\/2019\/04\/logo-colliourecolline.png","contentUrl":"http:\/\/collioure-colline.com\/wp-content\/uploads\/2019\/04\/logo-colliourecolline.png","width":400,"height":70,"caption":"Appartement Colline Joubert \u00e0 Collioure"},"image":{"@id":"https:\/\/collioure-colline.com\/#\/schema\/logo\/image\/"},"sameAs":["https:\/\/www.instagram.com\/collioure_colline\/"]}]}},"_links":{"self":[{"href":"https:\/\/collioure-colline.com\/index.php\/wp-json\/wp\/v2\/pages\/635"}],"collection":[{"href":"https:\/\/collioure-colline.com\/index.php\/wp-json\/wp\/v2\/pages"}],"about":[{"href":"https:\/\/collioure-colline.com\/index.php\/wp-json\/wp\/v2\/types\/page"}],"author":[{"embeddable":true,"href":"https:\/\/collioure-colline.com\/index.php\/wp-json\/wp\/v2\/users\/1"}],"replies":[{"embeddable":true,"href":"https:\/\/collioure-colline.com\/index.php\/wp-json\/wp\/v2\/comments?post=635"}],"version-history":[{"count":10,"href":"https:\/\/collioure-colline.com\/index.php\/wp-json\/wp\/v2\/pages\/635\/revisions"}],"predecessor-version":[{"id":709,"href":"https:\/\/collioure-colline.com\/index.php\/wp-json\/wp\/v2\/pages\/635\/revisions\/709"}],"wp:featuredmedia":[{"embeddable":true,"href":"https:\/\/collioure-colline.com\/index.php\/wp-json\/wp\/v2\/media\/664"}],"wp:attachment":[{"href":"https:\/\/collioure-colline.com\/index.php\/wp-json\/wp\/v2\/media?parent=635"}],"curies":[{"name":"wp","href":"https:\/\/api.w.org\/{rel}","templated":true}]}}